{"id":5615,"date":"2018-04-03T05:53:02","date_gmt":"2018-04-03T05:53:02","guid":{"rendered":"https:\/\/hupgconference.com\/izjava-o-kolacicima\/"},"modified":"2018-04-03T05:55:18","modified_gmt":"2018-04-03T05:55:18","slug":"izjava-o-kolacicima","status":"publish","type":"page","link":"https:\/\/hupgconference.com\/hr\/izjava-o-kolacicima\/","title":{"rendered":"Izjava o kola\u010di\u0107ima"},"content":{"rendered":"<p>Ova web stranica upotrebljava kola\u010di\u0107e &#8211; male tekstualne datoteke koje se nalaze na va\u0161em ra\u010dunalu kako bi Vam pru\u017eili bolje korisni\u010dko iskustvo..<\/p>\n<p>Op\u0107enito, kola\u010di\u0107i se upotrebljavaju za zadr\u017eavanje korisni\u010dkih postavki, pohranu informacija o stvarima kao \u0161to su ko\u0161arice za kupnju i pru\u017eanje anonimnih podataka o pra\u0107enju aplikacijama tre\u0107ih strana kao \u0161to je Google Analytics.<\/p>\n<p>U pravilu, kola\u010di\u0107i \u0107e pobolj\u0161ati va\u0161 do\u017eivljaj pregledavanja. Me\u0111utim, mo\u017eda biste radije onemogu\u0107ili kola\u010di\u0107e na ovoj web stranici i drugima. Naju\u010dinkovitiji na\u010din za to je onemogu\u0107iti kola\u010di\u0107e u va\u0161em pregledniku.<\/p>\n<p>Upute kako to napraviti pogledajte u odjeljku Pomo\u0107 (Help) Va\u0161eg preglednika ili pogledajte web stranicu <a href=\"http:\/\/www.aboutcookies.org\" target=\"_blank\" rel=\"noopener\">O kola\u010di\u0107ima (About Cookies)<\/a> koja nudi smjernice za sve moderne preglednike.<\/p>\n","protected":false},"excerpt":{"rendered":"<p>Ova web stranica upotrebljava kola\u010di\u0107e &#8211; male tekstualne datoteke koje se nalaze na va\u0161em ra\u010dunalu kako bi Vam pru\u017eili bolje korisni\u010dko iskustvo.. Op\u0107enito, kola\u010di\u0107i se upotrebljavaju za zadr\u017eavanje korisni\u010dkih postavki, pohranu informacija o stvarima kao \u0161to su ko\u0161arice za kupnju i pru\u017eanje anonimnih podataka o pra\u0107enju aplikacijama tre\u0107ih strana kao \u0161to je Google Analytics. U&#8230; <\/p>\n<div class=\"clear\"><\/div>\n<p><a href=\"https:\/\/hupgconference.com\/hr\/izjava-o-kolacicima\/\" class=\"gdlr-info-font excerpt-read-more\">Vi\u0161e informacija<\/a><\/p>\n","protected":false},"author":1,"featured_media":0,"parent":0,"menu_order":0,"comment_status":"closed","ping_status":"closed","template":"","meta":{"footnotes":""},"class_list":["post-5615","page","type-page","status-publish","hentry"],"_links":{"self":[{"href":"https:\/\/hupgconference.com\/hr\/wp-json\/wp\/v2\/pages\/5615","targetHints":{"allow":["GET"]}}],"collection":[{"href":"https:\/\/hupgconference.com\/hr\/wp-json\/wp\/v2\/pages"}],"about":[{"href":"https:\/\/hupgconference.com\/hr\/wp-json\/wp\/v2\/types\/page"}],"author":[{"embeddable":true,"href":"https:\/\/hupgconference.com\/hr\/wp-json\/wp\/v2\/users\/1"}],"replies":[{"embeddable":true,"href":"https:\/\/hupgconference.com\/hr\/wp-json\/wp\/v2\/comments?post=5615"}],"version-history":[{"count":2,"href":"https:\/\/hupgconference.com\/hr\/wp-json\/wp\/v2\/pages\/5615\/revisions"}],"predecessor-version":[{"id":5618,"href":"https:\/\/hupgconference.com\/hr\/wp-json\/wp\/v2\/pages\/5615\/revisions\/5618"}],"wp:attachment":[{"href":"https:\/\/hupgconference.com\/hr\/wp-json\/wp\/v2\/media?parent=5615"}],"curies":[{"name":"wp","href":"https:\/\/api.w.org\/{rel}","templated":true}]}}