{"id":5252,"date":"2018-03-24T21:07:17","date_gmt":"2018-03-24T21:07:17","guid":{"rendered":"https:\/\/hupgconference.com\/?page_id=5252"},"modified":"2018-03-26T16:02:19","modified_gmt":"2018-03-26T16:02:19","slug":"kontakt","status":"publish","type":"page","link":"https:\/\/hupgconference.com\/hr\/kontakt\/","title":{"rendered":"Kontakt"},"content":{"rendered":"\n<div class=\"wpcf7 no-js\" id=\"wpcf7-f5396-o1\" lang=\"en-US\" dir=\"ltr\" data-wpcf7-id=\"5396\">\n<div class=\"screen-reader-response\"><p role=\"status\" aria-live=\"polite\" aria-atomic=\"true\"><\/p> <ul><\/ul><\/div>\n<form action=\"\/hr\/wp-json\/wp\/v2\/pages\/5252#wpcf7-f5396-o1\" method=\"post\" class=\"wpcf7-form init\" aria-label=\"Contact form\" novalidate=\"novalidate\" data-status=\"init\">\n<fieldset class=\"hidden-fields-container\"><input type=\"hidden\" name=\"_wpcf7\" value=\"5396\" \/><input type=\"hidden\" name=\"_wpcf7_version\" value=\"6.1.5\" \/><input type=\"hidden\" name=\"_wpcf7_locale\" value=\"en_US\" \/><input type=\"hidden\" name=\"_wpcf7_unit_tag\" value=\"wpcf7-f5396-o1\" \/><input type=\"hidden\" name=\"_wpcf7_container_post\" value=\"0\" \/><input type=\"hidden\" name=\"_wpcf7_posted_data_hash\" value=\"\" \/><input type=\"hidden\" name=\"_wpcf7_recaptcha_response\" value=\"\" \/>\n<\/fieldset>\n<p><label> Ime (obavezno)<br \/>\n<span class=\"wpcf7-form-control-wrap\" data-name=\"your-name\"><input size=\"40\" maxlength=\"400\" class=\"wpcf7-form-control wpcf7-text wpcf7-validates-as-required\" aria-required=\"true\" aria-invalid=\"false\" value=\"\" type=\"text\" name=\"your-name\" \/><\/span> <\/label>\n<\/p>\n<p><label> Email (obavezno)<br \/>\n<span class=\"wpcf7-form-control-wrap\" data-name=\"your-email\"><input size=\"40\" maxlength=\"400\" class=\"wpcf7-form-control wpcf7-email wpcf7-validates-as-required wpcf7-text wpcf7-validates-as-email\" aria-required=\"true\" aria-invalid=\"false\" value=\"\" type=\"email\" name=\"your-email\" \/><\/span> <\/label>\n<\/p>\n<p><label> Predmet<br \/>\n<span class=\"wpcf7-form-control-wrap\" data-name=\"your-subject\"><input size=\"40\" maxlength=\"400\" class=\"wpcf7-form-control wpcf7-text\" aria-invalid=\"false\" value=\"\" type=\"text\" name=\"your-subject\" \/><\/span> <\/label>\n<\/p>\n<p><label> Poruka<br \/>\n<span class=\"wpcf7-form-control-wrap\" data-name=\"your-message\"><textarea cols=\"40\" rows=\"10\" maxlength=\"2000\" class=\"wpcf7-form-control wpcf7-textarea\" aria-invalid=\"false\" name=\"your-message\"><\/textarea><\/span> <\/label>\n<\/p>\n<p>Slanjem podataka preko kontakt obrasca \"Prijava na konferenciju i rezervacija smje\u0161taja\" pohranjuju se Va\u0161e ime i email adresu u svrhu daljnje komunikacije. Na vlastiti zahtjev u svakom se trenutku mogu\u0107e ispisati iz evidencije, zatra\u017eiti pristup svojim podacima, te ih po \u017eelji urediti ili trajno ukloniti.\n<\/p>\n<p><span class=\"wpcf7-form-control-wrap\" data-name=\"acceptance-gdpr\"><span class=\"wpcf7-form-control wpcf7-acceptance\"><span class=\"wpcf7-list-item\"><input type=\"checkbox\" name=\"acceptance-gdpr\" value=\"1\" aria-invalid=\"false\" \/><\/span><\/span><\/span><strong>Potvr\u0111ujem da sam pro\u010ditao\/la, shvatio\/la i prihvatio\/la <a href=\"https:\/\/hupgconference.com\/hr\/pravila-privatnosti\/\" target=\"_blank\">pravila privatnosti<\/a> ove web stranice! Sla\u017eem se da HUPG - Hrvatska udruga povijesnih gradova pohrani moje ime i email adresu u svrhu daljnje komunikacije.<\/strong>\n<\/p>\n<p><input class=\"wpcf7-form-control wpcf7-submit has-spinner\" type=\"submit\" value=\"Po\u0161aljite\" \/>\n<\/p><div class=\"wpcf7-response-output\" aria-hidden=\"true\"><\/div>\n<\/form>\n<\/div>\n\n","protected":false},"excerpt":{"rendered":"","protected":false},"author":1,"featured_media":0,"parent":0,"menu_order":0,"comment_status":"closed","ping_status":"open","template":"","meta":{"footnotes":""},"class_list":["post-5252","page","type-page","status-publish","hentry"],"_links":{"self":[{"href":"https:\/\/hupgconference.com\/hr\/wp-json\/wp\/v2\/pages\/5252","targetHints":{"allow":["GET"]}}],"collection":[{"href":"https:\/\/hupgconference.com\/hr\/wp-json\/wp\/v2\/pages"}],"about":[{"href":"https:\/\/hupgconference.com\/hr\/wp-json\/wp\/v2\/types\/page"}],"author":[{"embeddable":true,"href":"https:\/\/hupgconference.com\/hr\/wp-json\/wp\/v2\/users\/1"}],"replies":[{"embeddable":true,"href":"https:\/\/hupgconference.com\/hr\/wp-json\/wp\/v2\/comments?post=5252"}],"version-history":[{"count":4,"href":"https:\/\/hupgconference.com\/hr\/wp-json\/wp\/v2\/pages\/5252\/revisions"}],"predecessor-version":[{"id":5397,"href":"https:\/\/hupgconference.com\/hr\/wp-json\/wp\/v2\/pages\/5252\/revisions\/5397"}],"wp:attachment":[{"href":"https:\/\/hupgconference.com\/hr\/wp-json\/wp\/v2\/media?parent=5252"}],"curies":[{"name":"wp","href":"https:\/\/api.w.org\/{rel}","templated":true}]}}